{"id":1054,"date":"2018-11-24T21:16:59","date_gmt":"2018-11-24T21:16:59","guid":{"rendered":"https:\/\/simetricaconsulting.com\/?page_id=1054"},"modified":"2019-10-02T16:10:19","modified_gmt":"2019-10-02T16:10:19","slug":"sobre-nosotros","status":"publish","type":"page","link":"https:\/\/simetricaconsulting.com\/?page_id=1054","title":{"rendered":"SOBRE NOSOTROS"},"content":{"rendered":"<p>[et_pb_section fb_built=&#8221;1&#8243; _builder_version=&#8221;3.27.4&#8243; background_image=&#8221;https:\/\/simetricaconsulting.com\/wp-content\/uploads\/2019\/07\/banner-sobrenosotros2.jpg&#8221; custom_margin=&#8221;||&#8221; custom_padding=&#8221;53px||101px||false|false&#8221; hover_enabled=&#8221;0&#8243; fb_built=&#8221;1&#8243; _i=&#8221;0&#8243; _address=&#8221;0&#8243;][et_pb_row column_structure=&#8221;1_2,1_2&#8243; custom_padding_last_edited=&#8221;on|desktop&#8221; _builder_version=&#8221;3.25.1&#8243; custom_margin=&#8221;||&#8221; custom_padding=&#8221;|0px||0px||true&#8221; custom_padding_tablet=&#8221;|25px||25px||true&#8221; background_color_tablet=&#8221;rgba(255,255,255,0.92)&#8221; background_color_phone=&#8221;rgba(255,255,255,0.85)&#8221; background_last_edited=&#8221;on|tablet&#8221; background_enable_color_tablet=&#8221;on&#8221; background_enable_color_phone=&#8221;on&#8221; _i=&#8221;0&#8243; _address=&#8221;0.0&#8243;][et_pb_column type=&#8221;1_2&#8243; _builder_version=&#8221;3.25.1&#8243; _i=&#8221;0&#8243; _address=&#8221;0.0.0&#8243;][\/et_pb_column][et_pb_column type=&#8221;1_2&#8243; _builder_version=&#8221;3.25.1&#8243; _i=&#8221;1&#8243; _address=&#8221;0.0.1&#8243;][et_pb_blurb title=&#8221;Sobre Nosotros&#8221; content_max_width=&#8221;1100px&#8221; _builder_version=&#8221;3.25.1&#8243; header_font=&#8221;|700|||||||&#8221; header_text_align=&#8221;left&#8221; header_font_size=&#8221;50px&#8221; body_font=&#8221;||||||||&#8221; animation_style=&#8221;slide&#8221; animation_direction=&#8221;bottom&#8221; header_text_align_tablet=&#8221;center&#8221; header_text_align_last_edited=&#8221;on|desktop&#8221; body_text_align_tablet=&#8221;center&#8221; body_text_align_last_edited=&#8221;on|desktop&#8221; text_orientation_tablet=&#8221;left&#8221; text_orientation_last_edited=&#8221;on|desktop&#8221; _i=&#8221;0&#8243; _address=&#8221;0.0.1.0&#8243;]<\/p>\n<p>Sim\u00e9trica Consulting es una empresa de consultor\u00eda que se ha distinguido y consolidado como Sin\u00f3nimo de Calidad, por la excelencia, en los servicios de consultor\u00eda e implementaci\u00f3n de soluciones de negocio&#8230;<\/p>\n<p>[\/et_pb_blurb][\/et_pb_column][\/et_pb_row][\/et_pb_section][et_pb_section fb_built=&#8221;1&#8243; _builder_version=&#8221;3.25.1&#8243; fb_built=&#8221;1&#8243; _i=&#8221;1&#8243; _address=&#8221;1&#8243;][et_pb_row _builder_version=&#8221;3.25.1&#8243; _i=&#8221;0&#8243; _address=&#8221;1.0&#8243;][et_pb_column type=&#8221;4_4&#8243; _builder_version=&#8221;3.25.1&#8243; _i=&#8221;0&#8243; _address=&#8221;1.0.0&#8243;][et_pb_text _builder_version=&#8221;3.27.4&#8243; text_font=&#8221;|700|||||||&#8221; text_text_color=&#8221;#2b4360&#8243; text_font_size=&#8221;21px&#8221; text_orientation=&#8221;center&#8221; custom_margin=&#8221;||-2px|||&#8221; text_text_align=&#8221;center&#8221; _i=&#8221;0&#8243; _address=&#8221;1.0.0.0&#8243;]<\/p>\n<p>Somos expertos en la consultor\u00eda de an\u00e1lisis de procesos y desarrollo de sistemas, utilizando metodolog\u00edas mundialmente reconocidas&#8230;<\/p>\n<p>[\/et_pb_text][\/et_pb_column][\/et_pb_row][et_pb_row _builder_version=&#8221;3.25.1&#8243; custom_padding=&#8221;1px|||||&#8221; _i=&#8221;1&#8243; _address=&#8221;1.1&#8243;][et_pb_column type=&#8221;4_4&#8243; _builder_version=&#8221;3.25.1&#8243; _i=&#8221;0&#8243; _address=&#8221;1.1.0&#8243;][et_pb_text module_id=&#8221;descr&#8221; _builder_version=&#8221;3.27.4&#8243; text_font=&#8221;||||||||&#8221; text_text_color=&#8221;#666&#8243; text_orientation=&#8221;center&#8221; width=&#8221;74%&#8221; max_width=&#8221;74%&#8221; module_alignment=&#8221;center&#8221; custom_css_main_element=&#8221;height:27px;||overflow:hidden;||transition:all 300ms ease 0s;&#8221; text_text_align=&#8221;center&#8221; custom_css_main_element__hover_enabled=&#8221;on&#8221; _i=&#8221;0&#8243; _address=&#8221;1.1.0.0&#8243;]<\/p>\n<p>Sim\u00e9trica Consulting es una empresa de consultor\u00eda que se ha distinguido y consolidado como Sin\u00f3nimo de Calidad, por la excelencia, en los servicios de consultor\u00eda e implementaci\u00f3n de soluciones de negocio, proporcionando a nuestros clientes los m\u00e1s altos niveles de satisfacci\u00f3n, a trav\u00e9s de los productos y servicios ofrecidos. Sim\u00e9trica Consulting es una compa\u00f1\u00eda con una experiencia de m\u00e1s de 10 a\u00f1os en el mercado, dedicada a la consultor\u00eda t\u00e9cnica y funcional en las \u00e1reas de computaci\u00f3n.<\/p>\n<p>Nuestro enfoque es proveer soluciones de negocio con el objetivo de optimizar los procesos de nuestros clientes, e incrementar su rentabilidad a trav\u00e9s de la maximizaci\u00f3n del valor de la informaci\u00f3n.<\/p>\n<p>Estamos plenamente conscientes de que uno de los valores esenciales para poder alcanzar nuestros objetivos en la satisfacci\u00f3n de nuestros clientes, es la especializaci\u00f3n en el conocimiento de su operaci\u00f3n, y es por eso que contamos con consultores de amplia experiencia y conocimiento en diversas l\u00edneas de negocio.<\/p>\n<p>A trav\u00e9s de nuestra experiencia hemos logrado evaluar las fortalezas y debilidades en los procesos y procedimientos de una compa\u00f1\u00eda, identificando las \u00e1reas de mejora y posicionando una metodolog\u00eda de trabajo eficiente, para lograr un desempe\u00f1o \u00f3ptimo con est\u00e1ndares apropiados de calidad. Como resultado de la implementaci\u00f3n de las mejores pr\u00e1cticas se puede lograr estructurar y organizar las diferentes \u00e1reas de una compa\u00f1\u00eda y establecer procesos claros para el desempe\u00f1o de los equipos de trabajo.<\/p>\n<p>Por otro lado somos expertos en la consultor\u00eda de an\u00e1lisis de procesos y desarrollo de sistemas, utilizando metodolog\u00edas mundialmente reconocidas, que nos permiten llegar a modelar y entender procesos de cualquier sector o l\u00ednea de negocio (Financiera, Banca, Seguros, etc.), para posteriormente ser trabajados por nuestros arquitectos y programadores en la entrega de un producto final, con altos est\u00e1ndares de calidad.<\/p>\n<p>Nuestro objetivo es ser socios de negocio de nuestros clientes, d\u00e1ndoles la posibilidad de ocuparse por la esencia de su negocio, mientras que nosotros nos encargamos de la parte administrativa de su informaci\u00f3n, alcanzando no solo la satisfacci\u00f3n, sino tambi\u00e9n el crecimiento de su empresa, siendo m\u00e1s rentables y ofreciendo mejores servicios.<\/p>\n<p>Somos competitivos en los mercados globalizados y cambiantes, debido a la constante capacitaci\u00f3n de nuestros recursos, en las nuevas tecnolog\u00edas.<\/p>\n<p>[\/et_pb_text][et_pb_text module_id=&#8221;btn-lm&#8221; _builder_version=&#8221;3.27.4&#8243; text_font=&#8221;||||||||&#8221; text_text_color=&#8221;#ffffff&#8221; text_line_height=&#8221;2em&#8221; background_color=&#8221;#e02b20&#8243; border_radii=&#8221;on|15px|15px|15px|15px&#8221; text_orientation=&#8221;center&#8221; width=&#8221;110px&#8221; max_width=&#8221;74%&#8221; module_alignment=&#8221;center&#8221; text_text_align=&#8221;center&#8221; custom_css_main_element__hover_enabled=&#8221;on&#8221; custom_css_main_element__hover=&#8221;cursor:pointer;&#8221; _i=&#8221;1&#8243; _address=&#8221;1.1.0.1&#8243;]<\/p>\n<p>Leer M\u00e1s&#8230;<\/p>\n<p>[\/et_pb_text][et_pb_text module_id=&#8221;btn-mn&#8221; _builder_version=&#8221;3.27.4&#8243; text_font=&#8221;||||||||&#8221; text_text_color=&#8221;#ffffff&#8221; text_line_height=&#8221;2em&#8221; background_color=&#8221;#e02b20&#8243; border_radii=&#8221;on|15px|15px|15px|15px&#8221; text_orientation=&#8221;center&#8221; width=&#8221;110px&#8221; max_width=&#8221;74%&#8221; module_alignment=&#8221;center&#8221; text_text_align=&#8221;center&#8221; custom_css_main_element__hover_enabled=&#8221;on&#8221; custom_css_main_element__hover=&#8221;cursor:pointer;&#8221; _i=&#8221;2&#8243; _address=&#8221;1.1.0.2&#8243;]<\/p>\n<p>Leer Menos&#8230;<\/p>\n<p>[\/et_pb_text][et_pb_code _builder_version=&#8221;3.25.1&#8243; _i=&#8221;3&#8243; _address=&#8221;1.1.0.3&#8243;]<script><!-- [et_pb_line_break_holder] -->jQuery(function($){<!-- [et_pb_line_break_holder] -->  $(\"#btn-mn\").css('display','none');<!-- [et_pb_line_break_holder] -->  <!-- [et_pb_line_break_holder] -->  $(\"#btn-lm\").click(function(){<!-- [et_pb_line_break_holder] -->    $(\"#descr\").css('height','800px');<!-- [et_pb_line_break_holder] -->    $(this).css('display','none');<!-- [et_pb_line_break_holder] -->    $(\"#btn-mn\").css('display','block');<!-- [et_pb_line_break_holder] -->  });  <!-- [et_pb_line_break_holder] -->  <!-- [et_pb_line_break_holder] -->  $(\"#btn-mn\").click(function(){<!-- [et_pb_line_break_holder] -->    $(\"#descr\").css('height','27px');<!-- [et_pb_line_break_holder] -->    $(this).css('display','none');<!-- [et_pb_line_break_holder] -->    $(\"#btn-lm\").css('display','block');<!-- [et_pb_line_break_holder] -->  });<!-- [et_pb_line_break_holder] -->  <!-- [et_pb_line_break_holder] -->});<!-- [et_pb_line_break_holder] --><\/script>[\/et_pb_code][\/et_pb_column][\/et_pb_row][\/et_pb_section][et_pb_section fb_built=&#8221;1&#8243; _builder_version=&#8221;3.27.4&#8243; background_color=&#8221;#7f7f7f&#8221; custom_margin=&#8221;-1px|||||&#8221; custom_padding=&#8221;|0px|25px|0px|false|false&#8221; hover_enabled=&#8221;0&#8243; global_module=&#8221;2145&#8243; saved_tabs=&#8221;all&#8221; fb_built=&#8221;1&#8243; _i=&#8221;3&#8243; _address=&#8221;3&#8243;][et_pb_row column_structure=&#8221;1_3,1_3,1_3&#8243; _builder_version=&#8221;3.27.4&#8243; custom_padding=&#8221;41px|0px|27px|0px|false|false&#8221; hover_enabled=&#8221;0&#8243; _i=&#8221;0&#8243; _address=&#8221;2.0&#8243;][et_pb_column type=&#8221;1_3&#8243; _builder_version=&#8221;3.27.4&#8243; background_color=&#8221;rgba(0,0,0,0)&#8221; custom_padding=&#8221;|||&#8221; custom_padding__hover=&#8221;|||&#8221; _i=&#8221;0&#8243; _address=&#8221;2.0.0&#8243;][et_pb_blurb title=&#8221;Direcci\u00f3n&#8221; use_icon=&#8221;on&#8221; font_icon=&#8221;%%249%%&#8221; icon_color=&#8221;#ffffff&#8221; icon_placement=&#8221;left&#8221; _builder_version=&#8221;3.27.4&#8243; header_font=&#8221;|700|||||||&#8221; header_text_color=&#8221;#ffffff&#8221; header_font_size=&#8221;20px&#8221; body_font=&#8221;||||||||&#8221; body_font_size=&#8221;15px&#8221; hover_enabled=&#8221;0&#8243; _i=&#8221;0&#8243; _address=&#8221;2.0.0.0&#8243; body_text_color=&#8221;#ffffff&#8221;]<\/p>\n<p>C\/ Boy Scouts #16.<br \/> Ensanche Naco<br \/> Santo Domingo, Rep\u00fablica Dominicana<\/p>\n<p>[\/et_pb_blurb][et_pb_blurb title=&#8221;Tel\u00e9fonos&#8221; use_icon=&#8221;on&#8221; font_icon=&#8221;%%264%%&#8221; icon_color=&#8221;#ffffff&#8221; icon_placement=&#8221;left&#8221; content_max_width=&#8221;554px&#8221; _builder_version=&#8221;3.27.4&#8243; header_font=&#8221;|700|||||||&#8221; header_text_color=&#8221;#ffffff&#8221; header_font_size=&#8221;20px&#8221; body_font=&#8221;||||||||&#8221; body_font_size=&#8221;15px&#8221; width=&#8221;100%&#8221; max_width=&#8221;100%&#8221; hover_enabled=&#8221;0&#8243; _i=&#8221;1&#8243; _address=&#8221;2.0.0.1&#8243; body_text_color=&#8221;#ffffff&#8221;]<\/p>\n<p>&#8211; 809-472-2300<\/p>\n<p>&#8211; 809-472-2010<\/p>\n<p>[\/et_pb_blurb][\/et_pb_column][et_pb_column type=&#8221;1_3&#8243; _builder_version=&#8221;3.25&#8243; custom_padding=&#8221;|||&#8221; custom_padding__hover=&#8221;|||&#8221; _i=&#8221;1&#8243; _address=&#8221;2.0.1&#8243;][et_pb_image src=&#8221;https:\/\/simetricaconsulting.com\/wp-content\/uploads\/2018\/11\/address.png&#8221; align_tablet=&#8221;center&#8221; align_last_edited=&#8221;on|desktop&#8221; _builder_version=&#8221;3.23&#8243; width=&#8221;75%&#8221; max_width=&#8221;94%&#8221; _i=&#8221;0&#8243; _address=&#8221;2.0.1.0&#8243;][\/et_pb_image][\/et_pb_column][et_pb_column type=&#8221;1_3&#8243; _builder_version=&#8221;3.25&#8243; custom_padding=&#8221;|||&#8221; custom_padding__hover=&#8221;|||&#8221; _i=&#8221;2&#8243; _address=&#8221;2.0.2&#8243;][et_pb_image src=&#8221;https:\/\/simetricaconsulting.com\/wp-content\/uploads\/2018\/11\/oragle-logo-02.png&#8221; align_tablet=&#8221;center&#8221; align_last_edited=&#8221;on|desktop&#8221; _builder_version=&#8221;3.25.1&#8243; max_width=&#8221;94%&#8221; _i=&#8221;0&#8243; _address=&#8221;2.0.2.0&#8243;][\/et_pb_image][\/et_pb_column][\/et_pb_row][\/et_pb_section]<\/p>\n","protected":false},"excerpt":{"rendered":"<p>[et_pb_section fb_built=&#8221;1&#8243; _builder_version=&#8221;3.27.4&#8243; background_image=&#8221;https:\/\/simetricaconsulting.com\/wp-content\/uploads\/2019\/07\/banner-sobrenosotros2.jpg&#8221; custom_margin=&#8221;||&#8221; custom_padding=&#8221;53px||101px||false|false&#8221; hover_enabled=&#8221;0&#8243; fb_built=&#8221;1&#8243; _i=&#8221;0&#8243; _address=&#8221;0&#8243;][et_pb_row column_structure=&#8221;1_2,1_2&#8243; custom_padding_last_edited=&#8221;on|desktop&#8221; _builder_version=&#8221;3.25.1&#8243; custom_margin=&#8221;||&#8221; custom_padding=&#8221;|0px||0px||true&#8221; custom_padding_tablet=&#8221;|25px||25px||true&#8221; background_color_tablet=&#8221;rgba(255,255,255,0.92)&#8221; background_color_phone=&#8221;rgba(255,255,255,0.85)&#8221; background_last_edited=&#8221;on|tablet&#8221; background_enable_color_tablet=&#8221;on&#8221; background_enable_color_phone=&#8221;on&#8221; _i=&#8221;0&#8243; _address=&#8221;0.0&#8243;][et_pb_column type=&#8221;1_2&#8243; _builder_version=&#8221;3.25.1&#8243; _i=&#8221;0&#8243; _address=&#8221;0.0.0&#8243;][\/et_pb_column][et_pb_column type=&#8221;1_2&#8243; _builder_version=&#8221;3.25.1&#8243; _i=&#8221;1&#8243; _address=&#8221;0.0.1&#8243;][et_pb_blurb title=&#8221;Sobre Nosotros&#8221; content_max_width=&#8221;1100px&#8221; _builder_version=&#8221;3.25.1&#8243; header_font=&#8221;|700|||||||&#8221; header_text_align=&#8221;left&#8221; header_font_size=&#8221;50px&#8221; body_font=&#8221;||||||||&#8221; animation_style=&#8221;slide&#8221; animation_direction=&#8221;bottom&#8221; header_text_align_tablet=&#8221;center&#8221; header_text_align_last_edited=&#8221;on|desktop&#8221; body_text_align_tablet=&#8221;center&#8221; body_text_align_last_edited=&#8221;on|desktop&#8221; text_orientation_tablet=&#8221;left&#8221; text_orientation_last_edited=&#8221;on|desktop&#8221; _i=&#8221;0&#8243; _address=&#8221;0.0.1.0&#8243;] Sim\u00e9trica Consulting es una empresa de [&hellip;]<\/p>\n","protected":false},"author":1,"featured_media":0,"parent":0,"menu_order":0,"comment_status":"closed","ping_status":"closed","template":"","meta":{"_et_pb_use_builder":"on","_et_pb_old_content":"","footnotes":""},"class_list":["post-1054","page","type-page","status-publish","hentry"],"_links":{"self":[{"href":"https:\/\/simetricaconsulting.com\/index.php?rest_route=\/wp\/v2\/pages\/1054"}],"collection":[{"href":"https:\/\/simetricaconsulting.com\/index.php?rest_route=\/wp\/v2\/pages"}],"about":[{"href":"https:\/\/simetricaconsulting.com\/index.php?rest_route=\/wp\/v2\/types\/page"}],"author":[{"embeddable":true,"href":"https:\/\/simetricaconsulting.com\/index.php?rest_route=\/wp\/v2\/users\/1"}],"replies":[{"embeddable":true,"href":"https:\/\/simetricaconsulting.com\/index.php?rest_route=%2Fwp%2Fv2%2Fcomments&post=1054"}],"version-history":[{"count":61,"href":"https:\/\/simetricaconsulting.com\/index.php?rest_route=\/wp\/v2\/pages\/1054\/revisions"}],"predecessor-version":[{"id":3603,"href":"https:\/\/simetricaconsulting.com\/index.php?rest_route=\/wp\/v2\/pages\/1054\/revisions\/3603"}],"wp:attachment":[{"href":"https:\/\/simetricaconsulting.com\/index.php?rest_route=%2Fwp%2Fv2%2Fmedia&parent=1054"}],"curies":[{"name":"wp","href":"https:\/\/api.w.org\/{rel}","templated":true}]}}