{"id":597,"date":"2018-11-22T14:34:42","date_gmt":"2018-11-22T14:34:42","guid":{"rendered":"https:\/\/simetricaconsulting.com\/?page_id=597"},"modified":"2019-11-23T04:10:21","modified_gmt":"2019-11-23T04:10:21","slug":"pss-web","status":"publish","type":"page","link":"https:\/\/simetricaconsulting.com\/?page_id=597","title":{"rendered":"PSS WEB : AUTORIZACIONES ONLINE DE PRESTADORES DE SERVICIOS"},"content":{"rendered":"<p>[et_pb_section fb_built=&#8221;1&#8243; admin_label=&#8221;section&#8221; _builder_version=&#8221;3.29.3&#8243; background_color=&#8221;rgba(0,0,0,0.91)&#8221; background_color_gradient_direction=&#8221;179deg&#8221; background_image=&#8221;https:\/\/simetricaconsulting.com\/wp-content\/uploads\/2019\/10\/pss-web.jpg&#8221; background_position=&#8221;center_left&#8221; custom_padding=&#8221;84px|0px|89px|0px|false|false&#8221; fb_built=&#8221;1&#8243; _i=&#8221;0&#8243; _address=&#8221;0&#8243;][et_pb_row custom_padding_last_edited=&#8221;on|desktop&#8221; _builder_version=&#8221;3.29.3&#8243; width=&#8221;63%&#8221; max_width=&#8221;1749px&#8221; module_alignment=&#8221;right&#8221; custom_margin=&#8221;|auto||876px||&#8221; custom_padding_tablet=&#8221;|5%||5%||true&#8221; background_color_tablet=&#8221;rgba(0,0,0,0.68)&#8221; background_color_phone=&#8221;rgba(0,0,0,0.65)&#8221; background_last_edited=&#8221;on|phone&#8221; background_enable_color_tablet=&#8221;on&#8221; background_enable_color_phone=&#8221;on&#8221; module_alignment_tablet=&#8221;center&#8221; module_alignment_last_edited=&#8221;on|tablet&#8221; _i=&#8221;0&#8243; _address=&#8221;0.0&#8243;][et_pb_column type=&#8221;4_4&#8243; _builder_version=&#8221;3.25.1&#8243; _i=&#8221;0&#8243; _address=&#8221;0.0.0&#8243;][et_pb_blurb title=&#8221;Pss Web&#8221; content_max_width=&#8221;580px&#8221; content_max_width_last_edited=&#8221;on|desktop&#8221; _builder_version=&#8221;3.29.3&#8243; header_font=&#8221;|700|||||||&#8221; header_text_color=&#8221;#ffffff&#8221; header_font_size=&#8221;50px&#8221; body_font=&#8221;||||||||&#8221; body_text_color=&#8221;#ffffff&#8221; body_font_size=&#8221;16px&#8221; header_text_align_tablet=&#8221;center&#8221; header_text_align_last_edited=&#8221;on|tablet&#8221; body_text_align_tablet=&#8221;center&#8221; body_text_align_last_edited=&#8221;on|desktop&#8221; _i=&#8221;0&#8243; _address=&#8221;0.0.0.0&#8243;]<\/p>\n<p>Con la conexi\u00f3n directa de los proveedores a las compa\u00f1\u00edas de seguros, se agiliza tanto el servicio al cliente logrando la satisfacci\u00f3n del mismo, como el procesamiento de las reclamaciones posteriores de los prestadores para recibir el pago por los servicios prestados a los asegurados.<\/p>\n<p>[\/et_pb_blurb][\/et_pb_column][\/et_pb_row][\/et_pb_section][et_pb_section fb_built=&#8221;1&#8243; _builder_version=&#8221;3.22.3&#8243; custom_padding=&#8221;0|0px|76px|0|false|false&#8221; fb_built=&#8221;1&#8243; _i=&#8221;1&#8243; _address=&#8221;1&#8243;][et_pb_row _builder_version=&#8221;3.25&#8243; max_width=&#8221;1083px&#8221; custom_padding=&#8221;62px|0px|27px|0px|false|false&#8221; border_color_bottom=&#8221;#e09900&#8243; use_custom_width=&#8221;on&#8221; custom_width_px=&#8221;1083px&#8221; _i=&#8221;0&#8243; _address=&#8221;1.0&#8243;][et_pb_column type=&#8221;4_4&#8243; _builder_version=&#8221;3.25&#8243; custom_padding=&#8221;|||&#8221; custom_padding__hover=&#8221;|||&#8221; _i=&#8221;0&#8243; _address=&#8221;1.0.0&#8243;][et_pb_text _builder_version=&#8221;3.29.3&#8243; text_font=&#8221;|700|||||||&#8221; text_text_color=&#8221;#2b4360&#8243; text_font_size=&#8221;32px&#8221; text_line_height=&#8221;1.6em&#8221; hover_enabled=&#8221;0&#8243; _i=&#8221;0&#8243; _address=&#8221;1.0.0.0&#8243;]<\/p>\n<p style=\"text-align: left;\">Se agiliza tanto el servicio al cliente logrando la satisfacci\u00f3n del mismo, como el procesamiento de las reclamaciones&#8230;<\/p>\n<p>[\/et_pb_text][et_pb_blurb content_max_width=&#8221;1100px&#8221; module_id=&#8221;descr&#8221; _builder_version=&#8221;3.29.3&#8243; header_font=&#8221;Georgia||||||||&#8221; header_text_color=&#8221;#e02b20&#8243; header_font_size=&#8221;31px&#8221; header_line_height=&#8221;1.9em&#8221; body_font_size=&#8221;16px&#8221; body_line_height=&#8221;1.8em&#8221; custom_padding=&#8221;4px|||||&#8221; hover_enabled=&#8221;0&#8243; _i=&#8221;1&#8243; _address=&#8221;1.0.0.1&#8243; body_text_align=&#8221;justify&#8221;]<\/p>\n<p><strong>PSS WEB<\/strong> es un m\u00f3dulo que permite conectar a un proveedor o prestador de servicios como lo son los laboratorios, cl\u00ednicas, etc. a las compa\u00f1\u00edas de seguros de salud, con el objetivo de gestionar online o en tiempo real, las autorizaciones de los gastos que un seguro le cubre a sus asegurado. Con la conexi\u00f3n directa de los proveedores a las compa\u00f1\u00edas de seguros, se agiliza tanto el servicio al cliente logrando la satisfacci\u00f3n del mismo, como el procesamiento de las reclamaciones posteriores de los prestadores para recibir el pago por los servicios prestados a los asegurados.<\/p>\n<p>[\/et_pb_blurb][\/et_pb_column][\/et_pb_row][\/et_pb_section][et_pb_section fb_built=&#8221;1&#8243; _builder_version=&#8221;3.27.4&#8243; background_color=&#8221;#282828&#8243; custom_margin=&#8221;-1px|||||&#8221; custom_padding=&#8221;32px|0px|36px|0px|false|false&#8221; global_module=&#8221;2145&#8243; saved_tabs=&#8221;all&#8221; fb_built=&#8221;1&#8243; _i=&#8221;3&#8243; _address=&#8221;3&#8243;][et_pb_row column_structure=&#8221;1_2,1_4,1_4&#8243; _builder_version=&#8221;3.27.4&#8243; width=&#8221;100%&#8221; max_width=&#8221;1184px&#8221; _i=&#8221;0&#8243; _address=&#8221;2.0&#8243;][et_pb_column type=&#8221;1_2&#8243; _builder_version=&#8221;3.27.4&#8243; _i=&#8221;0&#8243; _address=&#8221;2.0.0&#8243;][et_pb_blurb title=&#8221;C\/ Boy Scouts #16, Ensanche Naco. Santo Domingo, Rep\u00fablica Dominicana&#8221; use_icon=&#8221;on&#8221; font_icon=&#8221;%%249%%&#8221; icon_color=&#8221;#ffffff&#8221; use_circle=&#8221;on&#8221; circle_color=&#8221;#000000&#8243; icon_placement=&#8221;left&#8221; content_max_width=&#8221;1086px&#8221; _builder_version=&#8221;3.27.4&#8243; header_font=&#8221;|300|||||||&#8221; header_text_color=&#8221;#ffffff&#8221; header_font_size=&#8221;13px&#8221; header_line_height=&#8221;2.3em&#8221; body_font=&#8221;|700|||||||&#8221; body_text_color=&#8221;#ffffff&#8221; body_font_size=&#8221;13px&#8221; body_line_height=&#8221;0em&#8221; width=&#8221;100%&#8221; max_width=&#8221;100%&#8221; max_width_tablet=&#8221;66%&#8221; max_width_last_edited=&#8221;on|desktop&#8221; module_alignment=&#8221;center&#8221; custom_margin=&#8221;38px||||false|false&#8221; _i=&#8221;0&#8243; _address=&#8221;2.0.0.0&#8243;][\/et_pb_blurb][\/et_pb_column][et_pb_column type=&#8221;1_4&#8243; _builder_version=&#8221;3.27.4&#8243; _i=&#8221;1&#8243; _address=&#8221;2.0.1&#8243;][et_pb_blurb title=&#8221;809-472-2300 &#8211;  809-472-2010&#8243; use_icon=&#8221;on&#8221; font_icon=&#8221;%%264%%&#8221; icon_color=&#8221;#ffffff&#8221; use_circle=&#8221;on&#8221; circle_color=&#8221;#000000&#8243; icon_placement=&#8221;left&#8221; content_max_width=&#8221;625px&#8221; _builder_version=&#8221;3.27.4&#8243; header_font=&#8221;|300|||||||&#8221; header_text_color=&#8221;#ffffff&#8221; header_font_size=&#8221;13px&#8221; header_line_height=&#8221;2em&#8221; body_font=&#8221;||||||||&#8221; body_text_color=&#8221;#ffffff&#8221; body_font_size=&#8221;13px&#8221; width=&#8221;94%&#8221; max_width=&#8221;100%&#8221; max_width_tablet=&#8221;62%&#8221; max_width_last_edited=&#8221;on|tablet&#8221; module_alignment=&#8221;left&#8221; custom_margin=&#8221;35px||||false|false&#8221; module_alignment_tablet=&#8221;right&#8221; module_alignment_phone=&#8221;center&#8221; module_alignment_last_edited=&#8221;on|tablet&#8221; _i=&#8221;0&#8243; _address=&#8221;2.0.1.0&#8243;][\/et_pb_blurb][\/et_pb_column][et_pb_column type=&#8221;1_4&#8243; _builder_version=&#8221;3.27.4&#8243; _i=&#8221;2&#8243; _address=&#8221;2.0.2&#8243;][et_pb_image src=&#8221;https:\/\/simetricaconsulting.com\/wp-content\/uploads\/2018\/11\/address.png&#8221; show_in_lightbox=&#8221;on&#8221; align_phone=&#8221;center&#8221; align_last_edited=&#8221;on|tablet&#8221; _builder_version=&#8221;3.27.4&#8243; width=&#8221;43%&#8221; width_tablet=&#8221;57%&#8221; width_last_edited=&#8221;on|tablet&#8221; _i=&#8221;0&#8243; _address=&#8221;2.0.2.0&#8243;][\/et_pb_image][et_pb_image src=&#8221;https:\/\/simetricaconsulting.com\/wp-content\/uploads\/2018\/11\/oragle-logo-02.png&#8221; show_in_lightbox=&#8221;on&#8221; show_bottom_space=&#8221;off&#8221; align=&#8221;center&#8221; align_phone=&#8221;right&#8221; align_last_edited=&#8221;on|phone&#8221; _builder_version=&#8221;3.27.4&#8243; width=&#8221;68%&#8221; width_phone=&#8221;64%&#8221; width_last_edited=&#8221;on|desktop&#8221; custom_margin=&#8221;-64px|0px||-31px|false|false&#8221; custom_margin_phone=&#8221;|||48px|false|false&#8221; custom_margin_last_edited=&#8221;on|phone&#8221; _i=&#8221;1&#8243; _address=&#8221;2.0.2.1&#8243;][\/et_pb_image][\/et_pb_column][\/et_pb_row][\/et_pb_section]<\/p>\n","protected":false},"excerpt":{"rendered":"<p>[et_pb_section fb_built=&#8221;1&#8243; admin_label=&#8221;section&#8221; _builder_version=&#8221;3.29.3&#8243; background_color=&#8221;rgba(0,0,0,0.91)&#8221; background_color_gradient_direction=&#8221;179deg&#8221; background_image=&#8221;https:\/\/simetricaconsulting.com\/wp-content\/uploads\/2019\/10\/pss-web.jpg&#8221; background_position=&#8221;center_left&#8221; custom_padding=&#8221;84px|0px|89px|0px|false|false&#8221; fb_built=&#8221;1&#8243; _i=&#8221;0&#8243; _address=&#8221;0&#8243;][et_pb_row custom_padding_last_edited=&#8221;on|desktop&#8221; _builder_version=&#8221;3.29.3&#8243; width=&#8221;63%&#8221; max_width=&#8221;1749px&#8221; module_alignment=&#8221;right&#8221; custom_margin=&#8221;|auto||876px||&#8221; custom_padding_tablet=&#8221;|5%||5%||true&#8221; background_color_tablet=&#8221;rgba(0,0,0,0.68)&#8221; background_color_phone=&#8221;rgba(0,0,0,0.65)&#8221; background_last_edited=&#8221;on|phone&#8221; background_enable_color_tablet=&#8221;on&#8221; background_enable_color_phone=&#8221;on&#8221; module_alignment_tablet=&#8221;center&#8221; module_alignment_last_edited=&#8221;on|tablet&#8221; _i=&#8221;0&#8243; _address=&#8221;0.0&#8243;][et_pb_column type=&#8221;4_4&#8243; _builder_version=&#8221;3.25.1&#8243; _i=&#8221;0&#8243; _address=&#8221;0.0.0&#8243;][et_pb_blurb title=&#8221;Pss Web&#8221; content_max_width=&#8221;580px&#8221; content_max_width_last_edited=&#8221;on|desktop&#8221; _builder_version=&#8221;3.29.3&#8243; header_font=&#8221;|700|||||||&#8221; header_text_color=&#8221;#ffffff&#8221; header_font_size=&#8221;50px&#8221; body_font=&#8221;||||||||&#8221; body_text_color=&#8221;#ffffff&#8221; body_font_size=&#8221;16px&#8221; header_text_align_tablet=&#8221;center&#8221; header_text_align_last_edited=&#8221;on|tablet&#8221; body_text_align_tablet=&#8221;center&#8221; body_text_align_last_edited=&#8221;on|desktop&#8221; _i=&#8221;0&#8243; _address=&#8221;0.0.0.0&#8243;] Con la conexi\u00f3n directa de los [&hellip;]<\/p>\n","protected":false},"author":1,"featured_media":0,"parent":0,"menu_order":0,"comment_status":"closed","ping_status":"closed","template":"","meta":{"_et_pb_use_builder":"on","_et_pb_old_content":"","footnotes":""},"class_list":["post-597","page","type-page","status-publish","hentry"],"_links":{"self":[{"href":"https:\/\/simetricaconsulting.com\/index.php?rest_route=\/wp\/v2\/pages\/597"}],"collection":[{"href":"https:\/\/simetricaconsulting.com\/index.php?rest_route=\/wp\/v2\/pages"}],"about":[{"href":"https:\/\/simetricaconsulting.com\/index.php?rest_route=\/wp\/v2\/types\/page"}],"author":[{"embeddable":true,"href":"https:\/\/simetricaconsulting.com\/index.php?rest_route=\/wp\/v2\/users\/1"}],"replies":[{"embeddable":true,"href":"https:\/\/simetricaconsulting.com\/index.php?rest_route=%2Fwp%2Fv2%2Fcomments&post=597"}],"version-history":[{"count":315,"href":"https:\/\/simetricaconsulting.com\/index.php?rest_route=\/wp\/v2\/pages\/597\/revisions"}],"predecessor-version":[{"id":4026,"href":"https:\/\/simetricaconsulting.com\/index.php?rest_route=\/wp\/v2\/pages\/597\/revisions\/4026"}],"wp:attachment":[{"href":"https:\/\/simetricaconsulting.com\/index.php?rest_route=%2Fwp%2Fv2%2Fmedia&parent=597"}],"curies":[{"name":"wp","href":"https:\/\/api.w.org\/{rel}","templated":true}]}}