{"id":603,"date":"2018-11-22T14:37:23","date_gmt":"2018-11-22T14:37:23","guid":{"rendered":"https:\/\/simetricaconsulting.com\/?page_id=603"},"modified":"2019-11-24T00:32:21","modified_gmt":"2019-11-24T00:32:21","slug":"cross-sell","status":"publish","type":"page","link":"https:\/\/simetricaconsulting.com\/?page_id=603","title":{"rendered":"CROSS SELL : MODULO WEB CRM PARA CAMPA\u00d1AS Y ENCUESTAS"},"content":{"rendered":"<p>[et_pb_section fb_built=&#8221;1&#8243; admin_label=&#8221;section&#8221; _builder_version=&#8221;3.29.3&#8243; background_color=&#8221;#ffffff&#8221; background_color_gradient_direction=&#8221;179deg&#8221; background_image=&#8221;https:\/\/simetricaconsulting.com\/wp-content\/uploads\/2019\/10\/Cross-Sell.jpg&#8221; background_position=&#8221;top_right&#8221; custom_padding=&#8221;53px|0px|101px|0px|false|false&#8221; fb_built=&#8221;1&#8243; _i=&#8221;0&#8243; _address=&#8221;0&#8243;][et_pb_row column_structure=&#8221;1_2,1_2&#8243; _builder_version=&#8221;3.29.3&#8243; width=&#8221;78%&#8221; width_phone=&#8221;100%&#8221; width_last_edited=&#8221;on|phone&#8221; max_width=&#8221;2560px&#8221; module_alignment=&#8221;left&#8221; custom_padding=&#8221;67px|0px|27px|5%|false|false&#8221; background_last_edited=&#8221;on|tablet&#8221; use_background_color_gradient_tablet=&#8221;on&#8221; use_background_color_gradient_phone=&#8221;on&#8221; background_color_gradient_start_tablet=&#8221;rgba(255,255,255,0.92)&#8221; background_color_gradient_start_phone=&#8221;rgba(255,255,255,0.92)&#8221; background_color_gradient_end_tablet=&#8221;#ffffff&#8221; background_color_gradient_end_phone=&#8221;#ffffff&#8221; module_alignment_phone=&#8221;center&#8221; module_alignment_last_edited=&#8221;on|phone&#8221; border_color_bottom=&#8221;#e09900&#8243; use_custom_width=&#8221;on&#8221; custom_width_px=&#8221;1083px&#8221; _i=&#8221;0&#8243; _address=&#8221;0.0&#8243;][et_pb_column type=&#8221;1_2&#8243; _builder_version=&#8221;3.29.3&#8243; background_enable_color=&#8221;off&#8221; custom_padding=&#8221;|||&#8221; custom_padding__hover=&#8221;|||&#8221; _i=&#8221;0&#8243; _address=&#8221;0.0.0&#8243;][et_pb_blurb content_max_width=&#8221;1100px&#8221; _builder_version=&#8221;3.29.3&#8243; header_font=&#8221;Georgia||||||||&#8221; header_text_color=&#8221;#ffffff&#8221; header_font_size=&#8221;1px&#8221; header_line_height=&#8221;1.9em&#8221; body_font=&#8221;||||||||&#8221; body_font_size=&#8221;50px&#8221; body_text_align_phone=&#8221;center&#8221; body_text_align_last_edited=&#8221;on|desktop&#8221; _i=&#8221;0&#8243; _address=&#8221;0.0.0.0&#8243;]<\/p>\n<p><strong>Cross Sell\u00a0<\/strong><\/p>\n<p>[\/et_pb_blurb][et_pb_blurb content_max_width=&#8221;1100px&#8221; _builder_version=&#8221;3.29.3&#8243; header_font=&#8221;Georgia||||||||&#8221; header_text_color=&#8221;#e02b20&#8243; header_font_size=&#8221;31px&#8221; header_line_height=&#8221;1.9em&#8221; body_font=&#8221;||||||||&#8221; body_text_align=&#8221;left&#8221; body_text_color=&#8221;#66666&#8243; body_font_size=&#8221;16px&#8221; custom_padding_phone=&#8221;|20px||20px||true&#8221; custom_padding_last_edited=&#8221;on|desktop&#8221; hover_enabled=&#8221;0&#8243; _i=&#8221;1&#8243; _address=&#8221;0.0.0.1&#8243;]<\/p>\n<p style=\"text-align: justify;\">Es un sistema web CRM que ofrecemos a las compa\u00f1\u00edas con el objetivo de que puedan manejar sus campa\u00f1as y encuestas, para generar oportunidades de negocio con nuevos productos y servicios y para la captaci\u00f3n de clientes de los diferentes sectores.<\/p>\n<p>[\/et_pb_blurb][\/et_pb_column][et_pb_column type=&#8221;1_2&#8243; _builder_version=&#8221;3.25.1&#8243; custom_padding=&#8221;|||&#8221; custom_padding__hover=&#8221;|||&#8221; _i=&#8221;1&#8243; _address=&#8221;0.0.1&#8243;][\/et_pb_column][\/et_pb_row][\/et_pb_section][et_pb_section fb_built=&#8221;1&#8243; _builder_version=&#8221;3.22.3&#8243; custom_padding=&#8221;0|0px|103px|0|false|false&#8221; fb_built=&#8221;1&#8243; _i=&#8221;1&#8243; _address=&#8221;1&#8243;][et_pb_row _builder_version=&#8221;3.25&#8243; max_width=&#8221;1083px&#8221; custom_padding=&#8221;0|0px|2px|0px|false|false&#8221; border_color_bottom=&#8221;#e09900&#8243; use_custom_width=&#8221;on&#8221; custom_width_px=&#8221;1083px&#8221; _i=&#8221;0&#8243; _address=&#8221;1.0&#8243;][et_pb_column type=&#8221;4_4&#8243; _builder_version=&#8221;3.25&#8243; custom_padding=&#8221;|||&#8221; custom_padding__hover=&#8221;|||&#8221; _i=&#8221;0&#8243; _address=&#8221;1.0.0&#8243;][et_pb_blurb content_max_width=&#8221;1100px&#8221; _builder_version=&#8221;3.29.3&#8243; header_font=&#8221;Georgia||||||||&#8221; header_text_color=&#8221;#e02b20&#8243; header_font_size=&#8221;31px&#8221; header_line_height=&#8221;1.9em&#8221; body_font=&#8221;||||||||&#8221; body_text_color=&#8221;#2b4360&#8243; body_font_size=&#8221;32px&#8221; body_line_height=&#8221;1.6em&#8221; custom_padding=&#8221;50px||47px|||&#8221; _i=&#8221;0&#8243; _address=&#8221;1.0.0.0&#8243;]<\/p>\n<p style=\"text-align: left;\"><strong>Las compa\u00f1\u00edas pueden manejar sus campa\u00f1as y encuestas, para generar oportunidades de negocio con nuevos productos y servicios y para la captaci\u00f3n de clientes de los diferentes sectores. <\/strong><\/p>\n<p>[\/et_pb_blurb][\/et_pb_column][\/et_pb_row][et_pb_row _builder_version=&#8221;3.25&#8243; max_width=&#8221;1083px&#8221; custom_padding=&#8221;0|0px|2px|0px|false|false&#8221; border_color_bottom=&#8221;#e09900&#8243; use_custom_width=&#8221;on&#8221; custom_width_px=&#8221;1083px&#8221; _i=&#8221;1&#8243; _address=&#8221;1.1&#8243;][et_pb_column type=&#8221;4_4&#8243; _builder_version=&#8221;3.25&#8243; custom_padding=&#8221;|||&#8221; custom_padding__hover=&#8221;|||&#8221; _i=&#8221;0&#8243; _address=&#8221;1.1.0&#8243;][et_pb_blurb content_max_width=&#8221;1100px&#8221; module_id=&#8221;descr&#8221; _builder_version=&#8221;3.29.3&#8243; header_font=&#8221;Georgia||||||||&#8221; header_text_align=&#8221;justify&#8221; header_text_color=&#8221;#e02b20&#8243; header_font_size=&#8221;31px&#8221; header_line_height=&#8221;1.9em&#8221; body_font=&#8221;||||||||&#8221; body_font_size=&#8221;16px&#8221; body_line_height=&#8221;1.8em&#8221; text_orientation=&#8221;justified&#8221; custom_padding=&#8221;5px|||||&#8221; hover_enabled=&#8221;0&#8243; _i=&#8221;0&#8243; _address=&#8221;1.1.0.0&#8243;]<\/p>\n<p style=\"text-align: justify;\">Es un sistema web CRM que ofrecemos a las compa\u00f1\u00edas con el objetivo de que puedan manejar sus campa\u00f1as y encuestas, para generar oportunidades de negocio con nuevos productos y servicios y para la captaci\u00f3n de clientes de los diferentes sectores. Este sistema te permite la generaci\u00f3n automatizada de actividades y oportunidades, manejo de campa\u00f1as con los clientes actuales y los potenciales; as\u00ed como tambi\u00e9n la visualizaci\u00f3n de los clientes con oportunidades de adquirir productos.<\/p>\n<p style=\"text-align: justify;\">Una de sus principales ventajas es generar una cultura de gesti\u00f3n pro-activa de los clientes (a trav\u00e9s de la gesti\u00f3n de campa\u00f1as masivas) y apoyar a los gestores del negocio para la sistematizaci\u00f3n de las oportunidades de negocio.<\/p>\n<p style=\"text-align: justify;\">+Sell permite dar el seguimiento a las oportunidades que surgen tanto de una campa\u00f1a como de un acercamiento del cliente, as\u00ed como tambi\u00e9n de una gesti\u00f3n individual de un gestor,\u00a0manejando los diferentes estatus y calendarizaci\u00f3n de actividades como las llamadas y visitas.\u00a0 El resultado de una buena gesti\u00f3n de oportunidades es adem\u00e1s la generaci\u00f3n de los PipeLine de negocio que sirve a la gesti\u00f3n.<\/p>\n<p>[\/et_pb_blurb][\/et_pb_column][\/et_pb_row][\/et_pb_section][et_pb_section fb_built=&#8221;1&#8243; _builder_version=&#8221;3.27.4&#8243; background_color=&#8221;#282828&#8243; custom_margin=&#8221;-1px|||||&#8221; custom_padding=&#8221;32px|0px|36px|0px|false|false&#8221; global_module=&#8221;2145&#8243; saved_tabs=&#8221;all&#8221; fb_built=&#8221;1&#8243; _i=&#8221;3&#8243; _address=&#8221;3&#8243;][et_pb_row column_structure=&#8221;1_2,1_4,1_4&#8243; _builder_version=&#8221;3.27.4&#8243; width=&#8221;100%&#8221; max_width=&#8221;1184px&#8221; _i=&#8221;0&#8243; _address=&#8221;2.0&#8243;][et_pb_column type=&#8221;1_2&#8243; _builder_version=&#8221;3.27.4&#8243; _i=&#8221;0&#8243; _address=&#8221;2.0.0&#8243;][et_pb_blurb title=&#8221;C\/ Boy Scouts #16, Ensanche Naco. Santo Domingo, Rep\u00fablica Dominicana&#8221; use_icon=&#8221;on&#8221; font_icon=&#8221;%%249%%&#8221; icon_color=&#8221;#ffffff&#8221; use_circle=&#8221;on&#8221; circle_color=&#8221;#000000&#8243; icon_placement=&#8221;left&#8221; content_max_width=&#8221;1086px&#8221; _builder_version=&#8221;3.27.4&#8243; header_font=&#8221;|300|||||||&#8221; header_text_color=&#8221;#ffffff&#8221; header_font_size=&#8221;13px&#8221; header_line_height=&#8221;2.3em&#8221; body_font=&#8221;|700|||||||&#8221; body_text_color=&#8221;#ffffff&#8221; body_font_size=&#8221;13px&#8221; body_line_height=&#8221;0em&#8221; width=&#8221;100%&#8221; max_width=&#8221;100%&#8221; max_width_tablet=&#8221;66%&#8221; max_width_last_edited=&#8221;on|desktop&#8221; module_alignment=&#8221;center&#8221; custom_margin=&#8221;38px||||false|false&#8221; _i=&#8221;0&#8243; _address=&#8221;2.0.0.0&#8243;][\/et_pb_blurb][\/et_pb_column][et_pb_column type=&#8221;1_4&#8243; _builder_version=&#8221;3.27.4&#8243; _i=&#8221;1&#8243; _address=&#8221;2.0.1&#8243;][et_pb_blurb title=&#8221;809-472-2300 &#8211;  809-472-2010&#8243; use_icon=&#8221;on&#8221; font_icon=&#8221;%%264%%&#8221; icon_color=&#8221;#ffffff&#8221; use_circle=&#8221;on&#8221; circle_color=&#8221;#000000&#8243; icon_placement=&#8221;left&#8221; content_max_width=&#8221;625px&#8221; _builder_version=&#8221;3.27.4&#8243; header_font=&#8221;|300|||||||&#8221; header_text_color=&#8221;#ffffff&#8221; header_font_size=&#8221;13px&#8221; header_line_height=&#8221;2em&#8221; body_font=&#8221;||||||||&#8221; body_text_color=&#8221;#ffffff&#8221; body_font_size=&#8221;13px&#8221; width=&#8221;94%&#8221; max_width=&#8221;100%&#8221; max_width_tablet=&#8221;62%&#8221; max_width_last_edited=&#8221;on|tablet&#8221; module_alignment=&#8221;left&#8221; custom_margin=&#8221;35px||||false|false&#8221; module_alignment_tablet=&#8221;right&#8221; module_alignment_phone=&#8221;center&#8221; module_alignment_last_edited=&#8221;on|tablet&#8221; _i=&#8221;0&#8243; _address=&#8221;2.0.1.0&#8243;][\/et_pb_blurb][\/et_pb_column][et_pb_column type=&#8221;1_4&#8243; _builder_version=&#8221;3.27.4&#8243; _i=&#8221;2&#8243; _address=&#8221;2.0.2&#8243;][et_pb_image src=&#8221;https:\/\/simetricaconsulting.com\/wp-content\/uploads\/2018\/11\/address.png&#8221; show_in_lightbox=&#8221;on&#8221; align_phone=&#8221;center&#8221; align_last_edited=&#8221;on|tablet&#8221; _builder_version=&#8221;3.27.4&#8243; width=&#8221;43%&#8221; width_tablet=&#8221;57%&#8221; width_last_edited=&#8221;on|tablet&#8221; _i=&#8221;0&#8243; _address=&#8221;2.0.2.0&#8243;][\/et_pb_image][et_pb_image src=&#8221;https:\/\/simetricaconsulting.com\/wp-content\/uploads\/2018\/11\/oragle-logo-02.png&#8221; show_in_lightbox=&#8221;on&#8221; show_bottom_space=&#8221;off&#8221; align=&#8221;center&#8221; align_phone=&#8221;right&#8221; align_last_edited=&#8221;on|phone&#8221; _builder_version=&#8221;3.27.4&#8243; width=&#8221;68%&#8221; width_phone=&#8221;64%&#8221; width_last_edited=&#8221;on|desktop&#8221; custom_margin=&#8221;-64px|0px||-31px|false|false&#8221; custom_margin_phone=&#8221;|||48px|false|false&#8221; custom_margin_last_edited=&#8221;on|phone&#8221; _i=&#8221;1&#8243; _address=&#8221;2.0.2.1&#8243;][\/et_pb_image][\/et_pb_column][\/et_pb_row][\/et_pb_section]<\/p>\n","protected":false},"excerpt":{"rendered":"<p>[et_pb_section fb_built=&#8221;1&#8243; admin_label=&#8221;section&#8221; _builder_version=&#8221;3.29.3&#8243; background_color=&#8221;#ffffff&#8221; background_color_gradient_direction=&#8221;179deg&#8221; background_image=&#8221;https:\/\/simetricaconsulting.com\/wp-content\/uploads\/2019\/10\/Cross-Sell.jpg&#8221; background_position=&#8221;top_right&#8221; custom_padding=&#8221;53px|0px|101px|0px|false|false&#8221; fb_built=&#8221;1&#8243; _i=&#8221;0&#8243; _address=&#8221;0&#8243;][et_pb_row column_structure=&#8221;1_2,1_2&#8243; _builder_version=&#8221;3.29.3&#8243; width=&#8221;78%&#8221; width_phone=&#8221;100%&#8221; width_last_edited=&#8221;on|phone&#8221; max_width=&#8221;2560px&#8221; module_alignment=&#8221;left&#8221; custom_padding=&#8221;67px|0px|27px|5%|false|false&#8221; background_last_edited=&#8221;on|tablet&#8221; use_background_color_gradient_tablet=&#8221;on&#8221; use_background_color_gradient_phone=&#8221;on&#8221; background_color_gradient_start_tablet=&#8221;rgba(255,255,255,0.92)&#8221; background_color_gradient_start_phone=&#8221;rgba(255,255,255,0.92)&#8221; background_color_gradient_end_tablet=&#8221;#ffffff&#8221; background_color_gradient_end_phone=&#8221;#ffffff&#8221; module_alignment_phone=&#8221;center&#8221; module_alignment_last_edited=&#8221;on|phone&#8221; border_color_bottom=&#8221;#e09900&#8243; use_custom_width=&#8221;on&#8221; custom_width_px=&#8221;1083px&#8221; _i=&#8221;0&#8243; _address=&#8221;0.0&#8243;][et_pb_column type=&#8221;1_2&#8243; _builder_version=&#8221;3.29.3&#8243; background_enable_color=&#8221;off&#8221; custom_padding=&#8221;|||&#8221; custom_padding__hover=&#8221;|||&#8221; _i=&#8221;0&#8243; _address=&#8221;0.0.0&#8243;][et_pb_blurb content_max_width=&#8221;1100px&#8221; _builder_version=&#8221;3.29.3&#8243; header_font=&#8221;Georgia||||||||&#8221; header_text_color=&#8221;#ffffff&#8221; header_font_size=&#8221;1px&#8221; header_line_height=&#8221;1.9em&#8221; body_font=&#8221;||||||||&#8221; body_font_size=&#8221;50px&#8221; body_text_align_phone=&#8221;center&#8221; body_text_align_last_edited=&#8221;on|desktop&#8221; _i=&#8221;0&#8243; _address=&#8221;0.0.0.0&#8243;] Cross Sell\u00a0 [&hellip;]<\/p>\n","protected":false},"author":1,"featured_media":0,"parent":0,"menu_order":0,"comment_status":"closed","ping_status":"closed","template":"","meta":{"_et_pb_use_builder":"on","_et_pb_old_content":"","footnotes":""},"class_list":["post-603","page","type-page","status-publish","hentry"],"_links":{"self":[{"href":"https:\/\/simetricaconsulting.com\/index.php?rest_route=\/wp\/v2\/pages\/603"}],"collection":[{"href":"https:\/\/simetricaconsulting.com\/index.php?rest_route=\/wp\/v2\/pages"}],"about":[{"href":"https:\/\/simetricaconsulting.com\/index.php?rest_route=\/wp\/v2\/types\/page"}],"author":[{"embeddable":true,"href":"https:\/\/simetricaconsulting.com\/index.php?rest_route=\/wp\/v2\/users\/1"}],"replies":[{"embeddable":true,"href":"https:\/\/simetricaconsulting.com\/index.php?rest_route=%2Fwp%2Fv2%2Fcomments&post=603"}],"version-history":[{"count":59,"href":"https:\/\/simetricaconsulting.com\/index.php?rest_route=\/wp\/v2\/pages\/603\/revisions"}],"predecessor-version":[{"id":4064,"href":"https:\/\/simetricaconsulting.com\/index.php?rest_route=\/wp\/v2\/pages\/603\/revisions\/4064"}],"wp:attachment":[{"href":"https:\/\/simetricaconsulting.com\/index.php?rest_route=%2Fwp%2Fv2%2Fmedia&parent=603"}],"curies":[{"name":"wp","href":"https:\/\/api.w.org\/{rel}","templated":true}]}}