{"id":613,"date":"2018-11-22T14:47:26","date_gmt":"2018-11-22T14:47:26","guid":{"rendered":"https:\/\/simetricaconsulting.com\/?page_id=613"},"modified":"2019-11-24T00:27:18","modified_gmt":"2019-11-24T00:27:18","slug":"venta-y-distribucion-de-licencias-oracle-y-microsoft","status":"publish","type":"page","link":"https:\/\/simetricaconsulting.com\/?page_id=613","title":{"rendered":"VENTA Y DISTRIBUCION DE LICENCIAS ORACLE Y MICROSOFT"},"content":{"rendered":"<p>[et_pb_section fb_built=&#8221;1&#8243; admin_label=&#8221;section&#8221; _builder_version=&#8221;3.27.4&#8243; background_image=&#8221;https:\/\/simetricaconsulting.com\/wp-content\/uploads\/2019\/07\/outsourcing-mini.jpg&#8221; custom_padding=&#8221;53px|0px|326px|0px|false|false&#8221; fb_built=&#8221;1&#8243; _i=&#8221;0&#8243; _address=&#8221;0&#8243;][\/et_pb_section][et_pb_section fb_built=&#8221;1&#8243; _builder_version=&#8221;3.22.3&#8243; custom_padding=&#8221;21px|0px|19px|0px|false|false&#8221; animation_style=&#8221;slide&#8221; animation_direction=&#8221;bottom&#8221; fb_built=&#8221;1&#8243; _i=&#8221;1&#8243; _address=&#8221;1&#8243;][et_pb_row _builder_version=&#8221;3.25&#8243; width=&#8221;72%&#8221; max_width=&#8221;72%&#8221; custom_padding=&#8221;27px|0px|68px|0|false|false&#8221; border_color_bottom=&#8221;#e09900&#8243; use_custom_width=&#8221;on&#8221; width_unit=&#8221;off&#8221; custom_width_percent=&#8221;72%&#8221; _i=&#8221;0&#8243; _address=&#8221;1.0&#8243;][et_pb_column type=&#8221;4_4&#8243; _builder_version=&#8221;3.25&#8243; custom_padding=&#8221;|||&#8221; custom_padding__hover=&#8221;|||&#8221; _i=&#8221;0&#8243; _address=&#8221;1.0.0&#8243;][et_pb_text admin_label=&#8221;Text&#8221; _builder_version=&#8221;3.29.3&#8243; text_font=&#8221;|700|||||||&#8221; text_text_color=&#8221;#2b4360&#8243; text_font_size=&#8221;32px&#8221; text_line_height=&#8221;1.1em&#8221; header_font=&#8221;||||||||&#8221; background_size=&#8221;initial&#8221; background_position=&#8221;top_left&#8221; background_repeat=&#8221;repeat&#8221; text_orientation=&#8221;center&#8221; width=&#8221;100%&#8221; hover_enabled=&#8221;0&#8243; text_text_align=&#8221;center&#8221; _i=&#8221;0&#8243; _address=&#8221;1.0.0.0&#8243;]<\/p>\n<p style=\"text-align: left;\">Venta y Distribuci\u00f3n de Licencias Oracle y Microsoft<\/p>\n<p>[\/et_pb_text][et_pb_text admin_label=&#8221;Text&#8221; _builder_version=&#8221;3.29.3&#8243; text_font=&#8221;||||||||&#8221; text_font_size=&#8221;16px&#8221; text_line_height=&#8221;1.8em&#8221; header_font=&#8221;||||||||&#8221; background_size=&#8221;initial&#8221; background_position=&#8221;top_left&#8221; background_repeat=&#8221;repeat&#8221; text_orientation=&#8221;justified&#8221; width=&#8221;100%&#8221; hover_enabled=&#8221;0&#8243; text_text_align=&#8221;center&#8221; _i=&#8221;1&#8243; _address=&#8221;1.0.0.1&#8243;]<\/p>\n<p style=\"text-align: justify;\">Somos Partners autorizados de Oracle y contamos con amplios conocimientos en sus productos, ofreciendo servicios tales como upgrades de las aplicaciones y bases de datos, Planes de Respaldo y Recuperaci\u00f3n, Disaster Recovery, Instalaci\u00f3n y Configuraci\u00f3n. As\u00ed como tambi\u00e9n, asesoramiento y venta de licencias, aprovechando su inversi\u00f3n al m\u00e1ximo.<\/p>\n<p>[\/et_pb_text][\/et_pb_column][\/et_pb_row][\/et_pb_section][et_pb_section fb_built=&#8221;1&#8243; _builder_version=&#8221;3.25.1&#8243; background_color=&#8221;#e0e0e0&#8243; custom_margin=&#8221;||-3px|||&#8221; custom_padding=&#8221;47px|0px|47px|0|true|false&#8221; saved_tabs=&#8221;all&#8221; fb_built=&#8221;1&#8243; _i=&#8221;2&#8243; _address=&#8221;2&#8243;][et_pb_row _builder_version=&#8221;3.27.4&#8243; width=&#8221;100%&#8221; width_last_edited=&#8221;on|desktop&#8221; max_width=&#8221;2560px&#8221; max_width_last_edited=&#8221;on|desktop&#8221; use_custom_width=&#8221;on&#8221; custom_width_px=&#8221;1185px&#8221; _i=&#8221;0&#8243; _address=&#8221;2.0&#8243;][et_pb_column type=&#8221;4_4&#8243; _builder_version=&#8221;3.25&#8243; custom_padding=&#8221;|||&#8221; custom_padding__hover=&#8221;|||&#8221; _i=&#8221;0&#8243; _address=&#8221;2.0.0&#8243;][et_pb_blurb title=&#8221;M\u00c1S SERVICIOS&#8221; content_max_width=&#8221;1108px&#8221; content_max_width_tablet=&#8221;630px&#8221; content_max_width_phone=&#8221;405px&#8221; content_max_width_last_edited=&#8221;on|phone&#8221; _builder_version=&#8221;3.27.4&#8243; header_font=&#8221;|300|||||||&#8221; header_text_align=&#8221;center&#8221; header_text_color=&#8221;#e02b20&#8243; header_font_size=&#8221;28px&#8221; body_font=&#8221;||||||||&#8221; text_orientation=&#8221;center&#8221; width=&#8221;100%&#8221; width_tablet=&#8221;100%&#8221; width_last_edited=&#8221;on|desktop&#8221; _i=&#8221;0&#8243; _address=&#8221;2.0.0.0&#8243;][\/et_pb_blurb][\/et_pb_column][\/et_pb_row][et_pb_row column_structure=&#8221;1_5,1_5,1_5,1_5,1_5&#8243; use_custom_gutter=&#8221;on&#8221; gutter_width=&#8221;2&#8243; _builder_version=&#8221;3.27.4&#8243; width=&#8221;95%&#8221; width_tablet=&#8221;82%&#8221; width_phone=&#8221;85%&#8221; width_last_edited=&#8221;on|desktop&#8221; max_width=&#8221;1467px&#8221; module_alignment=&#8221;center&#8221; custom_margin=&#8221;|||||true&#8221; custom_padding=&#8221;|0px|0|0px|false|false&#8221; use_custom_width=&#8221;on&#8221; custom_width_px=&#8221;1150px&#8221; custom_css_main_2__hover_enabled=&#8221;on&#8221; custom_css_before_2__hover_enabled=&#8221;on&#8221; custom_css_after_2__hover_enabled=&#8221;on&#8221; custom_css_before_1__hover_enabled=&#8221;on&#8221; custom_css_after_1__hover_enabled=&#8221;on&#8221; custom_css_before_3__hover_enabled=&#8221;on&#8221; custom_css_after_3__hover_enabled=&#8221;on&#8221; _i=&#8221;1&#8243; _address=&#8221;2.1&#8243;][et_pb_column type=&#8221;1_5&#8243; _builder_version=&#8221;3.25.1&#8243; custom_padding=&#8221;|||&#8221; custom_css_main_element=&#8221;transition: all 300ms ease 0s;&#8221; custom_padding__hover=&#8221;|||&#8221; custom_css_before__hover_enabled=&#8221;on&#8221; custom_css_after__hover_enabled=&#8221;on&#8221; custom_css_main_element__hover_enabled=&#8221;on&#8221; custom_css_main_element__hover=&#8221;transform: scale(1.03);||  -webkit-box-shadow: 0px 0px 26px -7px rgba(133,124,133,1);||-moz-box-shadow: 0px 0px 26px -7px rgba(133,124,133,1);||box-shadow: 0px 0px 26px -7px rgba(133,124,133,1);&#8221; _i=&#8221;0&#8243; _address=&#8221;2.1.0&#8243;][et_pb_blurb title=&#8221;Business Requirements Factory&#8221; url=&#8221;https:\/\/simetricaconsulting.com\/?page_id=618&#8243; image=&#8221;https:\/\/simetricaconsulting.com\/wp-content\/uploads\/2019\/07\/business-mini.jpg&#8221; _builder_version=&#8221;3.29.3&#8243; header_font=&#8221;||||||||&#8221; header_text_color=&#8221;#ffffff&#8221; header_font_size=&#8221;18px&#8221; header_line_height=&#8221;2.1em&#8221; body_font=&#8221;||||||||&#8221; body_text_align=&#8221;left&#8221; body_line_height=&#8221;1.6em&#8221; background_color=&#8221;#ffffff&#8221; min_height=&#8221;430px&#8221; height=&#8221;430px&#8221; max_height=&#8221;430px&#8221; custom_margin=&#8221;|||&#8221; custom_padding=&#8221;|||&#8221; header_line_height_tablet=&#8221;3.5em&#8221; header_line_height_last_edited=&#8221;on|tablet&#8221; custom_css_main_element=&#8221;overflow:auto;&#8221; custom_css_blurb_title=&#8221;background-color:#e02b20;||padding:4% 4% 4% 7%;||margin-top:-30px&#8221; custom_css_blurb_content=&#8221;||&#8221; _i=&#8221;0&#8243; _address=&#8221;2.1.0.0&#8243; custom_css_blurb_title_last_edited=&#8221;on|desktop&#8221;]<\/p>\n<p>Uno de los servicios que ofrecemos es la f\u00e1brica de desarrollo de requerimientos o de sistemas, a trav\u00e9s de la cual nuestros clientes pueden dedicarse a las actividades propias de su negocio&#8230;<\/p>\n<p>[\/et_pb_blurb][\/et_pb_column][et_pb_column type=&#8221;1_5&#8243; _builder_version=&#8221;3.25.1&#8243; background_color=&#8221;#000000&#8243; background_image=&#8221;https:\/\/simetricaconsulting.com\/wp-content\/uploads\/2019\/05\/serv-oracle.jpg&#8221; custom_padding=&#8221;|||&#8221; custom_css_main_element=&#8221;transition: all 300ms ease 0s;&#8221; custom_padding__hover=&#8221;|||&#8221; custom_css_before__hover_enabled=&#8221;on&#8221; custom_css_main_element__hover_enabled=&#8221;on&#8221; custom_css_after__hover_enabled=&#8221;on&#8221; custom_css_main_element__hover=&#8221;transform: scale(1.03);||  -webkit-box-shadow: 0px 0px 26px -7px rgba(133,124,133,1);||-moz-box-shadow: 0px 0px 26px -7px rgba(133,124,133,1);||box-shadow: 0px 0px 26px -7px rgba(133,124,133,1);&#8221; _i=&#8221;1&#8243; _address=&#8221;2.1.1&#8243;][et_pb_blurb title=&#8221;Migraci\u00f3n de Aplicaciones&#8221; url=&#8221;https:\/\/simetricaconsulting.com\/?page_id=622&#8243; image=&#8221;https:\/\/simetricaconsulting.com\/wp-content\/uploads\/2019\/07\/migration-mini.jpg&#8221; content_max_width=&#8221;1100px&#8221; _builder_version=&#8221;3.29.3&#8243; header_font=&#8221;||||||||&#8221; header_text_color=&#8221;#ffffff&#8221; header_font_size=&#8221;18px&#8221; header_line_height=&#8221;2.1em&#8221; body_font=&#8221;||||||||&#8221; body_text_align=&#8221;left&#8221; body_line_height=&#8221;1.6em&#8221; background_color=&#8221;#ffffff&#8221; min_height=&#8221;430px&#8221; height=&#8221;430px&#8221; max_height=&#8221;430px&#8221; custom_margin=&#8221;|||&#8221; custom_padding=&#8221;|||&#8221; header_line_height_tablet=&#8221;3.5em&#8221; header_line_height_last_edited=&#8221;on|tablet&#8221; custom_css_main_element=&#8221;overflow:auto;&#8221; custom_css_blurb_title=&#8221;background-color:#e02b20;||padding:12% 4% 12% 7%;||margin-top:-30px;&#8221; custom_css_blurb_content=&#8221;||&#8221; _i=&#8221;0&#8243; _address=&#8221;2.1.1.0&#8243;]<\/p>\n<p>Ofrecemos los servicios para hacer conversiones o migraciones de las aplicaciones del cliente, llev\u00e1ndolas a nuevas versiones de base de datos y de herramientas de desarrollo&#8230;<\/p>\n<p>[\/et_pb_blurb][\/et_pb_column][et_pb_column type=&#8221;1_5&#8243; _builder_version=&#8221;3.25.1&#8243; background_image=&#8221;https:\/\/simetricaconsulting.com\/wp-content\/uploads\/2019\/05\/serv-migracion-app.jpg&#8221; background_position=&#8221;top_center&#8221; custom_padding=&#8221;|||&#8221; custom_css_main_element=&#8221;transition: all 300ms ease 0s;&#8221; custom_padding__hover=&#8221;|||&#8221; custom_css_before__hover_enabled=&#8221;on&#8221; custom_css_after__hover_enabled=&#8221;on&#8221; custom_css_main_element__hover=&#8221;transform: scale(1.03);||  -webkit-box-shadow: 0px 0px 26px -7px rgba(133,124,133,1);||-moz-box-shadow: 0px 0px 26px -7px rgba(133,124,133,1);||box-shadow: 0px 0px 26px -7px rgba(133,124,133,1);&#8221; custom_css_main_element__hover_enabled=&#8221;on&#8221; _i=&#8221;2&#8243; _address=&#8221;2.1.2&#8243;][et_pb_blurb title=&#8221;Soporte T\u00e9cnico de Tecnolog\u00eda Oracle&#8221; url=&#8221;https:\/\/simetricaconsulting.com\/?page_id=620&#8243; image=&#8221;https:\/\/simetricaconsulting.com\/wp-content\/uploads\/2019\/07\/soporteoracle-mini.jpg&#8221; _builder_version=&#8221;3.29.3&#8243; header_font=&#8221;||||||||&#8221; header_text_color=&#8221;#ffffff&#8221; header_font_size=&#8221;18px&#8221; header_line_height=&#8221;2.1em&#8221; body_font=&#8221;||||||||&#8221; body_text_align=&#8221;left&#8221; body_line_height=&#8221;1.6em&#8221; background_color=&#8221;#ffffff&#8221; min_height=&#8221;430px&#8221; height=&#8221;430px&#8221; max_height=&#8221;430px&#8221; custom_margin=&#8221;|||&#8221; custom_padding=&#8221;|||&#8221; header_line_height_phone=&#8221;1.8em&#8221; header_line_height_last_edited=&#8221;on|phone&#8221; custom_css_main_element=&#8221;overflow:auto;&#8221; custom_css_blurb_title=&#8221;background-color:#e02b20;||padding:4% 4% 4% 7%;||margin-top:-30px;&#8221; custom_css_blurb_content=&#8221;||&#8221; _i=&#8221;0&#8243; _address=&#8221;2.1.2.0&#8243;]<\/p>\n<p>Somos Partners autorizados de Oracle y contamos con amplios conocimientos en sus productos, ofreciendo servicios tales como upgrades de las aplicaciones y bases de datos,\u00a0Planes de Respaldo y Recuperaci\u00f3n&#8230;<\/p>\n<p>[\/et_pb_blurb][\/et_pb_column][et_pb_column type=&#8221;1_5&#8243; _builder_version=&#8221;3.25.1&#8243; background_image=&#8221;https:\/\/simetricaconsulting.com\/wp-content\/uploads\/2019\/05\/serv-migracion-app.jpg&#8221; background_position=&#8221;top_center&#8221; custom_padding=&#8221;|||&#8221; custom_css_main_element=&#8221;transition: all 300ms ease 0s;&#8221; custom_padding__hover=&#8221;|||&#8221; custom_css_before__hover_enabled=&#8221;on&#8221; custom_css_after__hover_enabled=&#8221;on&#8221; custom_css_main_element__hover=&#8221;transform: scale(1.03);||  -webkit-box-shadow: 0px 0px 26px -7px rgba(133,124,133,1);||-moz-box-shadow: 0px 0px 26px -7px rgba(133,124,133,1);||box-shadow: 0px 0px 26px -7px rgba(133,124,133,1);&#8221; custom_css_main_element__hover_enabled=&#8221;on&#8221; _i=&#8221;3&#8243; _address=&#8221;2.1.3&#8243;][et_pb_blurb title=&#8221;Servicios Outsourcing&#8221; url=&#8221;https:\/\/simetricaconsulting.com\/?page_id=613&#8243; image=&#8221;https:\/\/simetricaconsulting.com\/wp-content\/uploads\/2019\/07\/outsourcing-mini-1.jpg&#8221; _builder_version=&#8221;3.29.3&#8243; header_font=&#8221;||||||||&#8221; header_text_color=&#8221;#ffffff&#8221; header_font_size=&#8221;18px&#8221; header_line_height=&#8221;4em&#8221; body_font=&#8221;||||||||&#8221; body_text_align=&#8221;left&#8221; body_line_height=&#8221;1.6em&#8221; background_color=&#8221;#ffffff&#8221; min_height=&#8221;430px&#8221; min_height_last_edited=&#8221;on|phone&#8221; height=&#8221;430px&#8221; max_height=&#8221;430px&#8221; max_height_last_edited=&#8221;on|tablet&#8221; custom_margin=&#8221;|||&#8221; custom_padding=&#8221;|||&#8221; header_line_height_tablet=&#8221;4.1em&#8221; header_line_height_phone=&#8221;1.5em&#8221; header_line_height_last_edited=&#8221;on|phone&#8221; custom_css_main_element=&#8221;overflow:auto;&#8221; custom_css_blurb_title=&#8221;background-color:#e02b20;||padding:4% 4% 4% 7%;||margin-top:-30px;&#8221; custom_css_blurb_content=&#8221;||&#8221; _i=&#8221;0&#8243; _address=&#8221;2.1.3.0&#8243;]<\/p>\n<p><span>Como complemento de nuestros servicios, ofrecemos servicios de outsourcing con un personal capacitado para desempe\u00f1ar los diferentes perfiles que componen el \u00e1rea de Sistemas y Tecnolog\u00eda\u2026<\/span><\/p>\n<p>[\/et_pb_blurb][\/et_pb_column][et_pb_column type=&#8221;1_5&#8243; _builder_version=&#8221;3.25.1&#8243; background_image=&#8221;https:\/\/simetricaconsulting.com\/wp-content\/uploads\/2019\/05\/serv-migracion-app.jpg&#8221; background_position=&#8221;top_center&#8221; custom_padding=&#8221;|||&#8221; custom_css_main_element=&#8221;transition: all 300ms ease 0s;&#8221; custom_padding__hover=&#8221;|||&#8221; custom_css_before__hover_enabled=&#8221;on&#8221; custom_css_after__hover_enabled=&#8221;on&#8221; custom_css_main_element__hover=&#8221;transform: scale(1.03);||  -webkit-box-shadow: 0px 0px 26px -7px rgba(133,124,133,1);||-moz-box-shadow: 0px 0px 26px -7px rgba(133,124,133,1);||box-shadow: 0px 0px 26px -7px rgba(133,124,133,1);&#8221; custom_css_main_element__hover_enabled=&#8221;on&#8221; _i=&#8221;4&#8243; _address=&#8221;2.1.4&#8243;][et_pb_blurb title=&#8221;Consultoria y Evaluaci\u00f3n de Procesos&#8221; url=&#8221;https:\/\/simetricaconsulting.com\/?page_id=480&#8243; image=&#8221;https:\/\/simetricaconsulting.com\/wp-content\/uploads\/2019\/07\/consultoria-mini.jpg&#8221; _builder_version=&#8221;3.29.3&#8243; header_font=&#8221;||||||||&#8221; header_text_color=&#8221;#ffffff&#8221; header_font_size=&#8221;18px&#8221; header_line_height=&#8221;2.1em&#8221; body_font=&#8221;||||||||&#8221; body_text_align=&#8221;left&#8221; body_line_height=&#8221;1.6em&#8221; background_color=&#8221;#ffffff&#8221; min_height=&#8221;430px&#8221; height=&#8221;430px&#8221; max_height=&#8221;430px&#8221; max_height_last_edited=&#8221;on|desktop&#8221; custom_margin=&#8221;|||&#8221; custom_padding=&#8221;|||&#8221; header_line_height_tablet=&#8221;1.8em&#8221; header_line_height_phone=&#8221;1.4em&#8221; header_line_height_last_edited=&#8221;on|phone&#8221; custom_css_main_element=&#8221;overflow:auto;&#8221; custom_css_blurb_title=&#8221;background-color:#e02b20;||padding:4% 4% 4% 7%;||margin-top:-30px;&#8221; custom_css_blurb_content=&#8221;||&#8221; _i=&#8221;0&#8243; _address=&#8221;2.1.4.0&#8243;]<\/p>\n<p><span>Hemos desarrollado mecanismos que nos han hecho expertos en la consultor\u00eda y evaluaci\u00f3n de los departamentos de desarrollo de sistemas de una compa\u00f1\u00eda, para identificar fortalezas y debilidades en sus procesos\u2026<\/span><\/p>\n<p>[\/et_pb_blurb][\/et_pb_column][\/et_pb_row][\/et_pb_section][et_pb_section fb_built=&#8221;1&#8243; _builder_version=&#8221;3.27.4&#8243; background_color=&#8221;#282828&#8243; custom_margin=&#8221;-1px|||||&#8221; custom_padding=&#8221;32px|0px|36px|0px|false|false&#8221; global_module=&#8221;2145&#8243; saved_tabs=&#8221;all&#8221; fb_built=&#8221;1&#8243; _i=&#8221;3&#8243; _address=&#8221;3&#8243;][et_pb_row column_structure=&#8221;1_2,1_4,1_4&#8243; _builder_version=&#8221;3.27.4&#8243; width=&#8221;100%&#8221; max_width=&#8221;1184px&#8221; _i=&#8221;0&#8243; _address=&#8221;3.0&#8243;][et_pb_column type=&#8221;1_2&#8243; _builder_version=&#8221;3.27.4&#8243; _i=&#8221;0&#8243; _address=&#8221;3.0.0&#8243;][et_pb_blurb title=&#8221;C\/ Boy Scouts #16, Ensanche Naco. Santo Domingo, Rep\u00fablica Dominicana&#8221; use_icon=&#8221;on&#8221; font_icon=&#8221;%%249%%&#8221; icon_color=&#8221;#ffffff&#8221; use_circle=&#8221;on&#8221; circle_color=&#8221;#000000&#8243; icon_placement=&#8221;left&#8221; content_max_width=&#8221;1086px&#8221; _builder_version=&#8221;3.27.4&#8243; header_font=&#8221;|300|||||||&#8221; header_text_color=&#8221;#ffffff&#8221; header_font_size=&#8221;13px&#8221; header_line_height=&#8221;2.3em&#8221; body_font=&#8221;|700|||||||&#8221; body_text_color=&#8221;#ffffff&#8221; body_font_size=&#8221;13px&#8221; body_line_height=&#8221;0em&#8221; width=&#8221;100%&#8221; max_width=&#8221;100%&#8221; max_width_tablet=&#8221;66%&#8221; max_width_last_edited=&#8221;on|desktop&#8221; module_alignment=&#8221;center&#8221; custom_margin=&#8221;38px||||false|false&#8221; _i=&#8221;0&#8243; _address=&#8221;3.0.0.0&#8243;][\/et_pb_blurb][\/et_pb_column][et_pb_column type=&#8221;1_4&#8243; _builder_version=&#8221;3.27.4&#8243; _i=&#8221;1&#8243; _address=&#8221;3.0.1&#8243;][et_pb_blurb title=&#8221;809-472-2300 &#8211;  809-472-2010&#8243; use_icon=&#8221;on&#8221; font_icon=&#8221;%%264%%&#8221; icon_color=&#8221;#ffffff&#8221; use_circle=&#8221;on&#8221; circle_color=&#8221;#000000&#8243; icon_placement=&#8221;left&#8221; content_max_width=&#8221;625px&#8221; _builder_version=&#8221;3.27.4&#8243; header_font=&#8221;|300|||||||&#8221; header_text_color=&#8221;#ffffff&#8221; header_font_size=&#8221;13px&#8221; header_line_height=&#8221;2em&#8221; body_font=&#8221;||||||||&#8221; body_text_color=&#8221;#ffffff&#8221; body_font_size=&#8221;13px&#8221; width=&#8221;94%&#8221; max_width=&#8221;100%&#8221; max_width_tablet=&#8221;62%&#8221; max_width_last_edited=&#8221;on|tablet&#8221; module_alignment=&#8221;left&#8221; custom_margin=&#8221;35px||||false|false&#8221; module_alignment_tablet=&#8221;right&#8221; module_alignment_phone=&#8221;center&#8221; module_alignment_last_edited=&#8221;on|tablet&#8221; _i=&#8221;0&#8243; _address=&#8221;3.0.1.0&#8243;][\/et_pb_blurb][\/et_pb_column][et_pb_column type=&#8221;1_4&#8243; _builder_version=&#8221;3.27.4&#8243; _i=&#8221;2&#8243; _address=&#8221;3.0.2&#8243;][et_pb_image src=&#8221;https:\/\/simetricaconsulting.com\/wp-content\/uploads\/2018\/11\/address.png&#8221; show_in_lightbox=&#8221;on&#8221; align_phone=&#8221;center&#8221; align_last_edited=&#8221;on|tablet&#8221; _builder_version=&#8221;3.27.4&#8243; width=&#8221;43%&#8221; width_tablet=&#8221;57%&#8221; width_last_edited=&#8221;on|tablet&#8221; _i=&#8221;0&#8243; _address=&#8221;3.0.2.0&#8243;][\/et_pb_image][et_pb_image src=&#8221;https:\/\/simetricaconsulting.com\/wp-content\/uploads\/2018\/11\/oragle-logo-02.png&#8221; show_in_lightbox=&#8221;on&#8221; show_bottom_space=&#8221;off&#8221; align=&#8221;center&#8221; align_phone=&#8221;right&#8221; align_last_edited=&#8221;on|phone&#8221; _builder_version=&#8221;3.27.4&#8243; width=&#8221;68%&#8221; width_phone=&#8221;64%&#8221; width_last_edited=&#8221;on|desktop&#8221; custom_margin=&#8221;-64px|0px||-31px|false|false&#8221; custom_margin_phone=&#8221;|||48px|false|false&#8221; custom_margin_last_edited=&#8221;on|phone&#8221; _i=&#8221;1&#8243; _address=&#8221;3.0.2.1&#8243;][\/et_pb_image][\/et_pb_column][\/et_pb_row][\/et_pb_section]<\/p>\n","protected":false},"excerpt":{"rendered":"<p>[et_pb_section fb_built=&#8221;1&#8243; admin_label=&#8221;section&#8221; _builder_version=&#8221;3.27.4&#8243; background_image=&#8221;https:\/\/simetricaconsulting.com\/wp-content\/uploads\/2019\/07\/outsourcing-mini.jpg&#8221; custom_padding=&#8221;53px|0px|326px|0px|false|false&#8221; fb_built=&#8221;1&#8243; _i=&#8221;0&#8243; _address=&#8221;0&#8243;][\/et_pb_section][et_pb_section fb_built=&#8221;1&#8243; _builder_version=&#8221;3.22.3&#8243; custom_padding=&#8221;21px|0px|19px|0px|false|false&#8221; animation_style=&#8221;slide&#8221; animation_direction=&#8221;bottom&#8221; fb_built=&#8221;1&#8243; _i=&#8221;1&#8243; _address=&#8221;1&#8243;][et_pb_row _builder_version=&#8221;3.25&#8243; width=&#8221;72%&#8221; max_width=&#8221;72%&#8221; custom_padding=&#8221;27px|0px|68px|0|false|false&#8221; border_color_bottom=&#8221;#e09900&#8243; use_custom_width=&#8221;on&#8221; width_unit=&#8221;off&#8221; custom_width_percent=&#8221;72%&#8221; _i=&#8221;0&#8243; _address=&#8221;1.0&#8243;][et_pb_column type=&#8221;4_4&#8243; _builder_version=&#8221;3.25&#8243; custom_padding=&#8221;|||&#8221; custom_padding__hover=&#8221;|||&#8221; _i=&#8221;0&#8243; _address=&#8221;1.0.0&#8243;][et_pb_text admin_label=&#8221;Text&#8221; _builder_version=&#8221;3.29.3&#8243; text_font=&#8221;|700|||||||&#8221; text_text_color=&#8221;#2b4360&#8243; text_font_size=&#8221;32px&#8221; text_line_height=&#8221;1.1em&#8221; header_font=&#8221;||||||||&#8221; background_size=&#8221;initial&#8221; background_position=&#8221;top_left&#8221; background_repeat=&#8221;repeat&#8221; text_orientation=&#8221;center&#8221; width=&#8221;100%&#8221; hover_enabled=&#8221;0&#8243; text_text_align=&#8221;center&#8221; _i=&#8221;0&#8243; _address=&#8221;1.0.0.0&#8243;] Venta y Distribuci\u00f3n de Licencias Oracle [&hellip;]<\/p>\n","protected":false},"author":1,"featured_media":0,"parent":0,"menu_order":0,"comment_status":"closed","ping_status":"closed","template":"","meta":{"_et_pb_use_builder":"on","_et_pb_old_content":"","footnotes":""},"class_list":["post-613","page","type-page","status-publish","hentry"],"_links":{"self":[{"href":"https:\/\/simetricaconsulting.com\/index.php?rest_route=\/wp\/v2\/pages\/613"}],"collection":[{"href":"https:\/\/simetricaconsulting.com\/index.php?rest_route=\/wp\/v2\/pages"}],"about":[{"href":"https:\/\/simetricaconsulting.com\/index.php?rest_route=\/wp\/v2\/types\/page"}],"author":[{"embeddable":true,"href":"https:\/\/simetricaconsulting.com\/index.php?rest_route=\/wp\/v2\/users\/1"}],"replies":[{"embeddable":true,"href":"https:\/\/simetricaconsulting.com\/index.php?rest_route=%2Fwp%2Fv2%2Fcomments&post=613"}],"version-history":[{"count":30,"href":"https:\/\/simetricaconsulting.com\/index.php?rest_route=\/wp\/v2\/pages\/613\/revisions"}],"predecessor-version":[{"id":4059,"href":"https:\/\/simetricaconsulting.com\/index.php?rest_route=\/wp\/v2\/pages\/613\/revisions\/4059"}],"wp:attachment":[{"href":"https:\/\/simetricaconsulting.com\/index.php?rest_route=%2Fwp%2Fv2%2Fmedia&parent=613"}],"curies":[{"name":"wp","href":"https:\/\/api.w.org\/{rel}","templated":true}]}}